{"id":33,"date":"2021-04-11T22:10:15","date_gmt":"2021-04-11T22:10:15","guid":{"rendered":"https:\/\/radiomedica.pl\/?page_id=33"},"modified":"2024-05-17T16:17:47","modified_gmt":"2024-05-17T14:17:47","slug":"kontakt","status":"publish","type":"page","link":"https:\/\/radiomedica.pl\/ua\/kontakt\/","title":{"rendered":"\u041a\u043e\u043d\u0442\u0430\u043a\u0442\u0438"},"content":{"rendered":"<div data-elementor-type=\"wp-page\" data-elementor-id=\"33\" class=\"elementor elementor-33\" data-elementor-post-type=\"page\">\n\t\t\t\t\t\t<section class=\"elementor-section elementor-top-section elementor-element elementor-element-8603691 elementor-section-boxed elementor-section-height-default elementor-section-height-default\" data-id=\"8603691\" data-element_type=\"section\">\n\t\t\t\t\t\t<div class=\"elementor-container elementor-column-gap-default\">\n\t\t\t\t\t<div class=\"elementor-column elementor-col-66 elementor-top-column elementor-element elementor-element-cf5ddbd\" data-id=\"cf5ddbd\" data-element_type=\"column\">\n\t\t\t<div class=\"elementor-widget-wrap elementor-element-populated\">\n\t\t\t\t\t\t<div class=\"elementor-element elementor-element-f13fa74 elementor-widget elementor-widget-html\" data-id=\"f13fa74\" data-element_type=\"widget\" data-widget_type=\"html.default\">\n\t\t\t\t<div class=\"elementor-widget-container\">\n\t\t\t\t\t<iframe src=\"https:\/\/www.google.com\/maps\/embed?pb=!1m18!1m12!1m3!1d16450.498092979295!2d21.04563439321007!3d52.200120298068455!2m3!1f0!2f0!3f0!3m2!1i1024!2i768!4f13.1!3m3!1m2!1s0x471ecd9da62642ed%3A0x8dbed3fe6fd62e93!2sRadio%20Medica%20Rezonans%20magnetyczny%20Warszawa%20MRI%20%7C%20Tomografia%20komputerowa%20Warszawa!5e0!3m2!1spl!2spl!4v1709280302550!5m2!1spl!2spl\" width=\"100%\" height=\"450\" style=\"border:0;\" allowfullscreen=\"\" loading=\"lazy\" referrerpolicy=\"no-referrer-when-downgrade\"><\/iframe>\t\t\t\t<\/div>\n\t\t\t\t<\/div>\n\t\t\t\t\t<\/div>\n\t\t<\/div>\n\t\t\t\t<div class=\"elementor-column elementor-col-33 elementor-top-column elementor-element elementor-element-fc7bfb6\" data-id=\"fc7bfb6\" data-element_type=\"column\">\n\t\t\t<div class=\"elementor-widget-wrap elementor-element-populated\">\n\t\t\t\t\t\t<div class=\"elementor-element elementor-element-dae709d elementor-widget elementor-widget-text-editor\" data-id=\"dae709d\" data-element_type=\"widget\" data-widget_type=\"text-editor.default\">\n\t\t\t\t<div class=\"elementor-widget-container\">\n\t\t\t\t\t\t\t\t\t<hr class=\"read-more-toggle\" style=\"text-align: center;\" \/><div class=\"read-more-content\"><h1>\u041a\u043e\u043d\u0442\u0430\u043a\u0442\u0438<\/h1><\/div><h3>RADIO MEDICA<\/h3><p>ul. Bobrowiecka 9 (budynek B)<br \/>00-728 Warszawa<br \/>\u0422\u0435\u043b\u0435\u0444\u043e\u043d: 22 255 99 69<br \/>e-mail:\u00a0<a href=\"mailto:kontakt@radiomedica.pl\">kontakt@radiomedica.pl<\/a><\/p><h3>Godziny otwarcia:<\/h3><p>poniedzia\u0142ek: 8:00 \u2013 21:00<br \/>wtorek: 8:00 \u2013 21:00<br \/>\u015broda: 8:00 \u2013 21:00<br \/>czwartek: 8:00 \u2013 21:00<br \/>pi\u0105tek: 8:00 \u2013 21:00<br \/>sobota: 8:00 \u2013 21:00<\/p>\t\t\t\t\t\t\t\t<\/div>\n\t\t\t\t<\/div>\n\t\t\t\t\t<\/div>\n\t\t<\/div>\n\t\t\t\t\t<\/div>\n\t\t<\/section>\n\t\t\t\t<section class=\"elementor-section elementor-top-section elementor-element elementor-element-1a92a68 elementor-section-boxed elementor-section-height-default elementor-section-height-default\" data-id=\"1a92a68\" data-element_type=\"section\">\n\t\t\t\t\t\t<div class=\"elementor-container elementor-column-gap-default\">\n\t\t\t\t\t<div class=\"elementor-column elementor-col-100 elementor-top-column elementor-element elementor-element-e5c65cf\" data-id=\"e5c65cf\" data-element_type=\"column\">\n\t\t\t<div class=\"elementor-widget-wrap elementor-element-populated\">\n\t\t\t\t\t\t<div class=\"elementor-element elementor-element-f0fc801 elementor-widget elementor-widget-text-editor\" data-id=\"f0fc801\" data-element_type=\"widget\" data-widget_type=\"text-editor.default\">\n\t\t\t\t<div class=\"elementor-widget-container\">\n\t\t\t\t\t\t\t\t\t<p>Plac\u00f3wka dysponuje bezp\u0142atnymi miejscami parkingowymi. W przypadku braku wolnych miejsc istnieje mo\u017cliwo\u015b\u0107 zaparkowania na p\u0142atnym parkingu mieszcz\u0105cym si\u0119 na terenie.<\/p><p>Dojazd komunikacj\u0105 miejsk\u0105. W s\u0105siedztwie Radio Medica znajduje si\u0119 przystanek autobusowy linii 107 oraz 119.<\/p>\t\t\t\t\t\t\t\t<\/div>\n\t\t\t\t<\/div>\n\t\t\t\t\t<\/div>\n\t\t<\/div>\n\t\t\t\t\t<\/div>\n\t\t<\/section>\n\t\t\t\t<\/div>","protected":false},"excerpt":{"rendered":"<p>Kontakt RADIO MEDICA ul. Bobrowiecka 9 (budynek B)00-728 WarszawaTelefon: 22 255 99 69e-mail:\u00a0kontakt@radiomedica.pl Godziny otwarcia: poniedzia\u0142ek: 8:00 \u2013 21:00wtorek: 8:00 \u2013 21:00\u015broda: 8:00 \u2013 21:00czwartek: 8:00 \u2013 21:00pi\u0105tek: 8:00 \u2013 21:00sobota: 8:00 \u2013 21:00 Plac\u00f3wka dysponuje bezp\u0142atnymi miejscami parkingowymi. W przypadku braku wolnych miejsc istnieje mo\u017cliwo\u015b\u0107 zaparkowania na p\u0142atnym parkingu mieszcz\u0105cym si\u0119 na terenie. Dojazd [&hellip;]<\/p>","protected":false},"author":1,"featured_media":0,"parent":0,"menu_order":0,"comment_status":"closed","ping_status":"closed","template":"elementor_header_footer","meta":{"_seopress_robots_primary_cat":"","_seopress_titles_title":"Kontakt - Radio Medica - Potrzebne Ci us\u0142ugi medyczne? Zadzwo\u0144!","_seopress_titles_desc":"RADIO MEDICA * ul. Bobrowiecka 9 * 00-728 Warszawa * Telefon: 22 255 99 69 * Potrzebne Ci us\u0142ugi medyczne? Zadzwo\u0144 i zam\u00f3w us\u0142ugi medyczne!","_seopress_robots_index":"","inline_featured_image":false,"footnotes":""},"class_list":["post-33","page","type-page","status-publish","hentry"],"_links":{"self":[{"href":"https:\/\/radiomedica.pl\/ua\/wp-json\/wp\/v2\/pages\/33","targetHints":{"allow":["GET"]}}],"collection":[{"href":"https:\/\/radiomedica.pl\/ua\/wp-json\/wp\/v2\/pages"}],"about":[{"href":"https:\/\/radiomedica.pl\/ua\/wp-json\/wp\/v2\/types\/page"}],"author":[{"embeddable":true,"href":"https:\/\/radiomedica.pl\/ua\/wp-json\/wp\/v2\/users\/1"}],"replies":[{"embeddable":true,"href":"https:\/\/radiomedica.pl\/ua\/wp-json\/wp\/v2\/comments?post=33"}],"version-history":[{"count":4,"href":"https:\/\/radiomedica.pl\/ua\/wp-json\/wp\/v2\/pages\/33\/revisions"}],"predecessor-version":[{"id":6272,"href":"https:\/\/radiomedica.pl\/ua\/wp-json\/wp\/v2\/pages\/33\/revisions\/6272"}],"wp:attachment":[{"href":"https:\/\/radiomedica.pl\/ua\/wp-json\/wp\/v2\/media?parent=33"}],"curies":[{"name":"wp","href":"https:\/\/api.w.org\/{rel}","templated":true}]}}