{"id":3023,"date":"2021-11-12T14:02:18","date_gmt":"2021-11-12T12:02:18","guid":{"rendered":"https:\/\/radiomedica.pl\/?page_id=3023"},"modified":"2021-11-12T14:14:13","modified_gmt":"2021-11-12T12:14:13","slug":"zlamana-reka","status":"publish","type":"page","link":"https:\/\/radiomedica.pl\/ua\/zlamana-reka\/","title":{"rendered":"Z\u0142amana r\u0119ka"},"content":{"rendered":"<p><strong>Z\u0142amanie r\u0119ki<\/strong> nale\u017cy do powa\u017cnych uraz\u00f3w, nale\u017cy jak najszybciej zg\u0142osi\u0107 si\u0119 do ortopedy w celu zbadania i zabezpieczenia z\u0142amania. Z\u0142ama\u0107 r\u0119k\u0119 mo\u017cna podczas niemal\u017ce ka\u017cdej aktywno\u015bci fizycznej (od zwyk\u0142ego spaceru po intensywny trening).<\/p>\n<p>&nbsp;<\/p>\n<p><img fetchpriority=\"high\" decoding=\"async\" class=\"wp-image-3021 alignright\" src=\"https:\/\/radiomedica.pl\/wp-content\/uploads\/2021\/11\/zmiana-gipsu-2-1-300x200.jpg\" alt=\"\" width=\"374\" height=\"249\" srcset=\"https:\/\/radiomedica.pl\/wp-content\/uploads\/2021\/11\/zmiana-gipsu-2-1-300x200.jpg 300w, https:\/\/radiomedica.pl\/wp-content\/uploads\/2021\/11\/zmiana-gipsu-2-1-scaled-600x399.jpg 600w, https:\/\/radiomedica.pl\/wp-content\/uploads\/2021\/11\/zmiana-gipsu-2-1-1024x681.jpg 1024w, https:\/\/radiomedica.pl\/wp-content\/uploads\/2021\/11\/zmiana-gipsu-2-1-768x511.jpg 768w, https:\/\/radiomedica.pl\/wp-content\/uploads\/2021\/11\/zmiana-gipsu-2-1-1536x1022.jpg 1536w, https:\/\/radiomedica.pl\/wp-content\/uploads\/2021\/11\/zmiana-gipsu-2-1-2048x1363.jpg 2048w\" sizes=\"(max-width: 374px) 100vw, 374px\" \/><\/p>\n<p style=\"text-align: center;\">Kiedy nale\u017cy zg\u0142osi\u0107 si\u0119 do lekarza?<\/p>\n<p>Je\u015bli po urazie r\u0119ki wyst\u0105pi\u0105 niepokoj\u0105ce objawy, takie jak:<\/p>\n<p>&#8211; opuchlizna,<\/p>\n<p>&#8211; zasinienie,<\/p>\n<p>&#8211; silny b\u00f3l,<\/p>\n<p>&#8211; brak mo\u017cliwo\u015bci poruszania r\u0119k\u0105,<\/p>\n<p>&#8211; krwiaki, zmiana koloru sk\u00f3ry,<\/p>\n<p>&#8211; widoczna lub wyczuwalna deformacja r\u0119ki.<\/p>\n<p>&nbsp;<\/p>\n<p>W Radio Medica w Warszawie oferujemy pomoc ortopedy <strong>od poniedzia\u0142ku do pi\u0105tku w godzinach 15:30-20:00 bez zapis\u00f3w<\/strong>. Podczas dy\u017curu przyjmujemy <strong>dzieci i doros\u0142ych<\/strong>. Oferujemy pomoc poprzez:<\/p>\n<p><img decoding=\"async\" class=\"wp-image-3038 alignleft\" src=\"https:\/\/radiomedica.pl\/wp-content\/uploads\/2021\/11\/hmcast_egipt_68-300x200.jpg\" alt=\"\" width=\"382\" height=\"254\" srcset=\"https:\/\/radiomedica.pl\/wp-content\/uploads\/2021\/11\/hmcast_egipt_68-300x200.jpg 300w, https:\/\/radiomedica.pl\/wp-content\/uploads\/2021\/11\/hmcast_egipt_68-scaled-600x401.jpg 600w, https:\/\/radiomedica.pl\/wp-content\/uploads\/2021\/11\/hmcast_egipt_68-1024x683.jpg 1024w, https:\/\/radiomedica.pl\/wp-content\/uploads\/2021\/11\/hmcast_egipt_68-768x513.jpg 768w, https:\/\/radiomedica.pl\/wp-content\/uploads\/2021\/11\/hmcast_egipt_68-1536x1025.jpg 1536w, https:\/\/radiomedica.pl\/wp-content\/uploads\/2021\/11\/hmcast_egipt_68-2048x1367.jpg 2048w\" sizes=\"(max-width: 382px) 100vw, 382px\" \/><\/p>\n<p>&#8211; nastawienie z\u0142amania,<\/p>\n<p>&#8211; za\u0142o\u017cenie gipsu (w ofercie posiadamy standardowy oraz nowoczesny, wodoodporny, oddychaj\u0105cy gips),<\/p>\n<p>&#8211; za\u0142o\u017cenie opatrunku,<\/p>\n<p>&#8211; zmian\u0119 gipsu\/opatrunku,<\/p>\n<p>&#8211; wykonanie zdj\u0119cia RTG.<\/p>","protected":false},"excerpt":{"rendered":"<p>Z\u0142amanie r\u0119ki nale\u017cy do powa\u017cnych uraz\u00f3w, nale\u017cy jak najszybciej zg\u0142osi\u0107 si\u0119 do ortopedy w celu zbadania i zabezpieczenia z\u0142amania. Z\u0142ama\u0107 r\u0119k\u0119 mo\u017cna podczas niemal\u017ce ka\u017cdej aktywno\u015bci fizycznej (od zwyk\u0142ego spaceru po intensywny trening). &nbsp; Kiedy nale\u017cy zg\u0142osi\u0107 si\u0119 do lekarza? Je\u015bli po urazie r\u0119ki wyst\u0105pi\u0105 niepokoj\u0105ce objawy, takie jak: &#8211; opuchlizna, &#8211; zasinienie, &#8211; silny [&hellip;]<\/p>","protected":false},"author":5,"featured_media":0,"parent":0,"menu_order":0,"comment_status":"closed","ping_status":"closed","template":"","meta":{"_seopress_robots_primary_cat":"","_seopress_titles_title":"","_seopress_titles_desc":"","_seopress_robots_index":"","inline_featured_image":false,"footnotes":""},"class_list":["post-3023","page","type-page","status-publish","hentry"],"_links":{"self":[{"href":"https:\/\/radiomedica.pl\/ua\/wp-json\/wp\/v2\/pages\/3023","targetHints":{"allow":["GET"]}}],"collection":[{"href":"https:\/\/radiomedica.pl\/ua\/wp-json\/wp\/v2\/pages"}],"about":[{"href":"https:\/\/radiomedica.pl\/ua\/wp-json\/wp\/v2\/types\/page"}],"author":[{"embeddable":true,"href":"https:\/\/radiomedica.pl\/ua\/wp-json\/wp\/v2\/users\/5"}],"replies":[{"embeddable":true,"href":"https:\/\/radiomedica.pl\/ua\/wp-json\/wp\/v2\/comments?post=3023"}],"version-history":[{"count":0,"href":"https:\/\/radiomedica.pl\/ua\/wp-json\/wp\/v2\/pages\/3023\/revisions"}],"wp:attachment":[{"href":"https:\/\/radiomedica.pl\/ua\/wp-json\/wp\/v2\/media?parent=3023"}],"curies":[{"name":"wp","href":"https:\/\/api.w.org\/{rel}","templated":true}]}}