{"id":2682,"date":"2021-10-22T11:50:16","date_gmt":"2021-10-22T09:50:16","guid":{"rendered":"https:\/\/radiomedica.pl\/?page_id=2682"},"modified":"2021-10-22T11:50:54","modified_gmt":"2021-10-22T09:50:54","slug":"katarzyna-sklinda","status":"publish","type":"page","link":"https:\/\/radiomedica.pl\/ua\/katarzyna-sklinda\/","title":{"rendered":"Katarzyna Sklinda"},"content":{"rendered":"<div data-elementor-type=\"wp-page\" data-elementor-id=\"2682\" class=\"elementor elementor-2682\" data-elementor-post-type=\"page\">\n\t\t\t\t\t\t<section class=\"elementor-section elementor-top-section elementor-element elementor-element-b0e5754 elementor-section-boxed elementor-section-height-default elementor-section-height-default\" data-id=\"b0e5754\" data-element_type=\"section\">\n\t\t\t\t\t\t<div class=\"elementor-container elementor-column-gap-default\">\n\t\t\t\t\t<div class=\"elementor-column elementor-col-100 elementor-top-column elementor-element elementor-element-f6f91f3\" data-id=\"f6f91f3\" data-element_type=\"column\">\n\t\t\t<div class=\"elementor-widget-wrap elementor-element-populated\">\n\t\t\t\t\t\t<div class=\"elementor-element elementor-element-6f5e99d elementor-widget elementor-widget-image\" data-id=\"6f5e99d\" data-element_type=\"widget\" data-widget_type=\"image.default\">\n\t\t\t\t<div class=\"elementor-widget-container\">\n\t\t\t\t\t\t\t\t\t\t\t\t\t\t\t<img fetchpriority=\"high\" decoding=\"async\" width=\"300\" height=\"300\" src=\"https:\/\/radiomedica.pl\/wp-content\/uploads\/2021\/04\/doctor-567-1118047-300x300.png\" class=\"attachment-medium size-medium wp-image-453\" alt=\"\" srcset=\"https:\/\/radiomedica.pl\/wp-content\/uploads\/2021\/04\/doctor-567-1118047-300x300.png 300w, https:\/\/radiomedica.pl\/wp-content\/uploads\/2021\/04\/doctor-567-1118047-100x100.png 100w, https:\/\/radiomedica.pl\/wp-content\/uploads\/2021\/04\/doctor-567-1118047-150x150.png 150w, https:\/\/radiomedica.pl\/wp-content\/uploads\/2021\/04\/doctor-567-1118047.png 512w\" sizes=\"(max-width: 300px) 100vw, 300px\" \/>\t\t\t\t\t\t\t\t\t\t\t\t\t\t\t<\/div>\n\t\t\t\t<\/div>\n\t\t\t\t\t<\/div>\n\t\t<\/div>\n\t\t\t\t\t<\/div>\n\t\t<\/section>\n\t\t\t\t<section class=\"elementor-section elementor-top-section elementor-element elementor-element-5da5df0 elementor-section-boxed elementor-section-height-default elementor-section-height-default\" data-id=\"5da5df0\" data-element_type=\"section\">\n\t\t\t\t\t\t<div class=\"elementor-container elementor-column-gap-default\">\n\t\t\t\t\t<div class=\"elementor-column elementor-col-100 elementor-top-column elementor-element elementor-element-158bd06\" data-id=\"158bd06\" data-element_type=\"column\">\n\t\t\t<div class=\"elementor-widget-wrap elementor-element-populated\">\n\t\t\t\t\t\t<div class=\"elementor-element elementor-element-36a29f4 elementor-widget elementor-widget-text-editor\" data-id=\"36a29f4\" data-element_type=\"widget\" data-widget_type=\"text-editor.default\">\n\t\t\t\t<div class=\"elementor-widget-container\">\n\t\t\t\t\t\t\t\t\t<div class=\"elementor-element elementor-element-1560299 elementor-widget elementor-widget-text-editor\" data-id=\"1560299\" data-element_type=\"widget\" data-widget_type=\"text-editor.default\"><div class=\"elementor-widget-container\"><div class=\"elementor-text-editor elementor-clearfix\"><p>Specjalista radiolog, adiunkt w Zak\u0142adzie Diagnostyki Radiologicznej CMKP w Warszawie<\/p><\/div><\/div><\/div><div class=\"elementor-element elementor-element-bda2b65 elementor-widget elementor-widget-text-editor\" data-id=\"bda2b65\" data-element_type=\"widget\" data-widget_type=\"text-editor.default\"><div class=\"elementor-widget-container\"><div class=\"elementor-text-editor elementor-clearfix\"><p>\u0417\u0430\u043a\u0456\u043d\u0447\u0438\u043b\u0430  \u043d\u0430\u0432\u0447\u0430\u043d\u043d\u044f \u0432 \u041c\u0435\u0434\u0438\u0447\u043d\u0456\u0439 \u0410\u043a\u0430\u0434\u0435\u043c\u0456\u0457 \u0443 \u0412\u0430\u0440\u0448\u0430\u0432\u0456.<\/p><p>\u0427\u043b\u0435\u043d \u0404\u0432\u0440\u043e\u043f\u0435\u0439\u0441\u044c\u043a\u043e\u0433\u043e \u0442\u043e\u0432\u0430\u0440\u0438\u0441\u0442\u0432\u0430 \u0440\u0430\u0434\u0456\u043e\u043b\u043e\u0433\u0456\u0432.<\/p><p>\u041f\u0440\u043e\u0442\u044f\u0433\u043e\u043c \u0431\u0430\u0433\u0430\u0442\u044c\u043e\u0445 \u0440\u043e\u043a\u0456\u0432 \u0432\u043e\u043d\u0430 \u043f\u043e\u0454\u0434\u043d\u0443\u0454 \u043a\u043b\u0456\u043d\u0456\u0447\u043d\u0443 \u0442\u0430 \u043d\u0430\u0443\u043a\u043e\u0432\u0443 \u0440\u043e\u0431\u043e\u0442\u0443 \u0437 \u043f\u0440\u0438\u0441\u0442\u0440\u0430\u0441\u0442\u044e. \u0412 \u043e\u0441\u0442\u0430\u043d\u043d\u0456 \u0440\u043e\u043a\u0438 \u0432\u043e\u043d\u0430 \u0437\u043e\u0441\u0435\u0440\u0435\u0434\u0436\u0443\u0454\u0442\u044c\u0441\u044f \u043d\u0430 \u043c\u043e\u0436\u043b\u0438\u0432\u043e\u0441\u0442\u044f\u0445 \u0432\u0438\u0441\u043e\u043a\u043e\u043f\u043e\u043b\u044c\u043d\u0438\u0445 \u0440\u0435\u0437\u043e\u043d\u0430\u043d\u0441\u043d\u0438\u0445 \u0441\u0438\u0441\u0442\u0435\u043c \u0443 \u0434\u0456\u0430\u0433\u043d\u043e\u0441\u0442\u0438\u0446\u0456 \u043e\u043d\u043a\u043e\u043b\u043e\u0433\u0456\u0447\u043d\u0438\u0445 \u0437\u0430\u0445\u0432\u043e\u0440\u044e\u0432\u0430\u043d\u044c, \u0437 \u043e\u0441\u043e\u0431\u043b\u0438\u0432\u0438\u043c \u043d\u0430\u0433\u043e\u043b\u043e\u0441\u043e\u043c \u043d\u0430 \u0440\u0430\u043a\u0443 \u043f\u0440\u043e\u0441\u0442\u0430\u0442\u0438. \u0421\u043f\u0456\u0432\u043f\u0440\u0430\u0446\u044e\u0454 \u0437 \u0443\u0440\u043e\u043b\u043e\u0433\u0430\u043c\u0438, \u043e\u043d\u043a\u043e\u043b\u043e\u0433\u0430\u043c\u0438 \u0442\u0430 \u043b\u0456\u043a\u0430\u0440\u044f\u043c\u0438 \u044f\u0434\u0435\u0440\u043d\u043e\u0457 \u043c\u0435\u0434\u0438\u0446\u0438\u043d\u0438 \u0437 \u0431\u0430\u0433\u0430\u0442\u044c\u043e\u0445 \u0446\u0435\u043d\u0442\u0440\u0456\u0432 \u041f\u043e\u043b\u044c\u0449\u0456 \u0442\u0430 \u0404\u0432\u0440\u043e\u043f\u0438.<\/p><\/div><\/div><\/div>\t\t\t\t\t\t\t\t<\/div>\n\t\t\t\t<\/div>\n\t\t\t\t\t<\/div>\n\t\t<\/div>\n\t\t\t\t\t<\/div>\n\t\t<\/section>\n\t\t\t\t<\/div>","protected":false},"excerpt":{"rendered":"<p>Specjalista radiolog, adiunkt w Zak\u0142adzie Diagnostyki Radiologicznej CMKP w Warszawie Uko\u0144czy\u0142a studia medyczne w Akademii Medycznej w Warszawie. Cz\u0142onek Europejskiego Towarzystwa Radiologicznego. Od lat \u0142\u0105czy z pasj\u0105 prac\u0119 kliniczn\u0105 i naukow\u0105. W ostatnich latach koncentruje si\u0119 na mo\u017cliwo\u015bciach wysokopolowych system\u00f3w rezonansowych w diagnostyce chor\u00f3b onkologicznych, ze szczeg\u00f3lnym uwzgl\u0119dnieniem raka prostaty. Wsp\u00f3\u0142pracuje z urologami, onkologami i [&hellip;]<\/p>","protected":false},"author":5,"featured_media":0,"parent":0,"menu_order":0,"comment_status":"closed","ping_status":"closed","template":"","meta":{"_seopress_robots_primary_cat":"","_seopress_titles_title":"","_seopress_titles_desc":"","_seopress_robots_index":"","inline_featured_image":false,"footnotes":""},"class_list":["post-2682","page","type-page","status-publish","hentry"],"_links":{"self":[{"href":"https:\/\/radiomedica.pl\/ua\/wp-json\/wp\/v2\/pages\/2682","targetHints":{"allow":["GET"]}}],"collection":[{"href":"https:\/\/radiomedica.pl\/ua\/wp-json\/wp\/v2\/pages"}],"about":[{"href":"https:\/\/radiomedica.pl\/ua\/wp-json\/wp\/v2\/types\/page"}],"author":[{"embeddable":true,"href":"https:\/\/radiomedica.pl\/ua\/wp-json\/wp\/v2\/users\/5"}],"replies":[{"embeddable":true,"href":"https:\/\/radiomedica.pl\/ua\/wp-json\/wp\/v2\/comments?post=2682"}],"version-history":[{"count":0,"href":"https:\/\/radiomedica.pl\/ua\/wp-json\/wp\/v2\/pages\/2682\/revisions"}],"wp:attachment":[{"href":"https:\/\/radiomedica.pl\/ua\/wp-json\/wp\/v2\/media?parent=2682"}],"curies":[{"name":"wp","href":"https:\/\/api.w.org\/{rel}","templated":true}]}}