{"id":2503,"date":"2021-10-20T12:50:35","date_gmt":"2021-10-20T10:50:35","guid":{"rendered":"https:\/\/radiomedica.pl\/?page_id=2503"},"modified":"2021-11-10T17:33:15","modified_gmt":"2021-11-10T15:33:15","slug":"andrzej-lewicki","status":"publish","type":"page","link":"https:\/\/radiomedica.pl\/ua\/andrzej-lewicki\/","title":{"rendered":"Andrzej Lewicki"},"content":{"rendered":"<div data-elementor-type=\"wp-page\" data-elementor-id=\"2503\" class=\"elementor elementor-2503\" data-elementor-post-type=\"page\">\n\t\t\t\t\t\t<section class=\"elementor-section elementor-top-section elementor-element elementor-element-df3a13e elementor-section-boxed elementor-section-height-default elementor-section-height-default\" data-id=\"df3a13e\" data-element_type=\"section\">\n\t\t\t\t\t\t<div class=\"elementor-container elementor-column-gap-default\">\n\t\t\t\t\t<div class=\"elementor-column elementor-col-100 elementor-top-column elementor-element elementor-element-058375f\" data-id=\"058375f\" data-element_type=\"column\">\n\t\t\t<div class=\"elementor-widget-wrap elementor-element-populated\">\n\t\t\t\t\t\t<div class=\"elementor-element elementor-element-2bfcce1 elementor-widget elementor-widget-image\" data-id=\"2bfcce1\" data-element_type=\"widget\" data-widget_type=\"image.default\">\n\t\t\t\t<div class=\"elementor-widget-container\">\n\t\t\t\t\t\t\t\t\t\t\t\t\t\t\t<img fetchpriority=\"high\" decoding=\"async\" width=\"300\" height=\"300\" src=\"https:\/\/radiomedica.pl\/wp-content\/uploads\/2021\/04\/lekkwa-300x300.png\" class=\"attachment-medium size-medium wp-image-355\" alt=\"\" srcset=\"https:\/\/radiomedica.pl\/wp-content\/uploads\/2021\/04\/lekkwa-300x300.png 300w, https:\/\/radiomedica.pl\/wp-content\/uploads\/2021\/04\/lekkwa-100x100.png 100w, https:\/\/radiomedica.pl\/wp-content\/uploads\/2021\/04\/lekkwa-150x150.png 150w, https:\/\/radiomedica.pl\/wp-content\/uploads\/2021\/04\/lekkwa.png 405w\" sizes=\"(max-width: 300px) 100vw, 300px\" \/>\t\t\t\t\t\t\t\t\t\t\t\t\t\t\t<\/div>\n\t\t\t\t<\/div>\n\t\t\t\t\t<\/div>\n\t\t<\/div>\n\t\t\t\t\t<\/div>\n\t\t<\/section>\n\t\t\t\t<section class=\"elementor-section elementor-top-section elementor-element elementor-element-4f0abca elementor-section-boxed elementor-section-height-default elementor-section-height-default\" data-id=\"4f0abca\" data-element_type=\"section\">\n\t\t\t\t\t\t<div class=\"elementor-container elementor-column-gap-default\">\n\t\t\t\t\t<div class=\"elementor-column elementor-col-100 elementor-top-column elementor-element elementor-element-4555889\" data-id=\"4555889\" data-element_type=\"column\">\n\t\t\t<div class=\"elementor-widget-wrap elementor-element-populated\">\n\t\t\t\t\t\t<div class=\"elementor-element elementor-element-99b5d98 elementor-widget elementor-widget-text-editor\" data-id=\"99b5d98\" data-element_type=\"widget\" data-widget_type=\"text-editor.default\">\n\t\t\t\t<div class=\"elementor-widget-container\">\n\t\t\t\t\t\t\t\t\t<div class=\"elementor-element elementor-element-196e147 elementor-widget elementor-widget-text-editor\" data-id=\"196e147\" data-element_type=\"widget\" data-widget_type=\"text-editor.default\"><div class=\"elementor-widget-container\"><div class=\"elementor-text-editor elementor-clearfix\"><p>\u0423 2001 \u0440\u043e\u0446\u0456 \u0437\u0430\u043a\u0456\u043d\u0447\u0438\u0432 \u041c\u0435\u0434\u0438\u0447\u043d\u0443 \u0410\u043a\u0430\u0434\u0435\u043c\u0456\u044e \u0443 \u0412\u0430\u0440\u0448\u0430\u0432\u0456.<\/p><p class=\"translation-block\">\u0417\u0430\u0439\u043c\u0430\u0454\u0442\u044c\u0441\u044f \u0434\u0456\u0430\u0433\u043d\u043e\u0441\u0442\u0438\u043a\u043e\u044e \u0442\u0430 \u0443\u0440\u043e\u043b\u043e\u0433\u0456\u0447\u043d\u0438\u043c \u043b\u0456\u043a\u0443\u0432\u0430\u043d\u043d\u044f\u043c. \u0412\u0456\u043d \u043e\u0441\u043e\u0431\u043b\u0438\u0432\u043e \u0437\u0430\u0446\u0456\u043a\u0430\u0432\u043b\u0435\u043d\u0438\u0439 \u0443 \u043c\u0430\u043b\u043e\u0456\u043d\u0432\u0430\u0437\u0438\u0432\u043d\u0438\u0445 \u043c\u0435\u0442\u043e\u0434\u0430\u0445 \u043b\u0456\u043a\u0443\u0432\u0430\u043d\u043d\u044f \u0440\u0430\u043a\u0443 \u043d\u0430 \u043e\u0441\u043d\u043e\u0432\u0456 \u0432\u0456\u0437\u0443\u0430\u043b\u0456\u0437\u0430\u0446\u0456\u0439\u043d\u0438\u0445 \u0434\u043e\u0441\u043b\u0456\u0434\u0436\u0435\u043d\u044c.\n\u0412\u0456\u043d \u043f\u0435\u0440\u0448\u0438\u043c \u0443 \u041f\u043e\u043b\u044c\u0449\u0456 \u0432\u0438\u043a\u043e\u043d\u0430\u0432 \u0431\u0456\u043e\u043f\u0441\u0456\u044e \u043f\u0435\u0440\u0435\u0434\u043c\u0456\u0445\u0443\u0440\u043e\u0432\u043e\u0457 \u0437\u0430\u043b\u043e\u0437\u0438 \u043f\u0456\u0434 \u043d\u0430\u0433\u043b\u044f\u0434\u043e\u043c \u0437\u043b\u0438\u0442\u0442\u044f \u043c\u0430\u0433\u043d\u0456\u0442\u043d\u043e-\u0440\u0435\u0437\u043e\u043d\u0430\u043d\u0441\u043d\u0438\u0445 \u0442\u0430 \u0443\u043b\u044c\u0442\u0440\u0430\u0437\u0432\u0443\u043a\u043e\u0432\u0438\u0445 \u0437\u043e\u0431\u0440\u0430\u0436\u0435\u043d\u044c \u0456\u0437 \u0442\u0440\u0430\u043d\u0441\u0440\u0435\u043a\u0442\u0430\u043b\u044c\u043d\u043e\u0433\u043e \u0442\u0430 \u0442\u0440\u0430\u043d\u0441\u043f\u0435\u0440\u0438\u043d\u0435\u0430\u043b\u044c\u043d\u043e\u0433\u043e \u0434\u043e\u0441\u0442\u0443\u043f\u0443 \u0437\u0430 \u0434\u043e\u043f\u043e\u043c\u043e\u0433\u043e\u044e \u0441\u0438\u0441\u0442\u0435\u043c BioJet \u0442\u0430 Trinity Koelis[1]. \u0421\u0432\u043e\u0457 \u0437\u043d\u0430\u043d\u043d\u044f \u0437 \u0446\u044c\u043e\u0433\u043e \u043f\u0438\u0442\u0430\u043d\u043d\u044f \u043f\u043e\u0433\u043b\u0438\u0431\u0438\u0432 \u043f\u0456\u0434 \u0447\u0430\u0441 \u0437\u0430\u043a\u043e\u0440\u0434\u043e\u043d\u043d\u0438\u0445 \u043d\u0430\u0443\u043a\u043e\u0432\u0438\u0445 \u0441\u0442\u0430\u0436\u0443\u0432\u0430\u043d\u044c \u0432 \u0443\u043d\u0456\u0432\u0435\u0440\u0441\u0438\u0442\u0435\u0442\u0441\u044c\u043a\u0438\u0445 \u043a\u043b\u0456\u043d\u0456\u043a\u0430\u0445 \u0414\u0440\u0435\u0437\u0434\u0435\u043d\u0430, \u0413\u0430\u043d\u043d\u043e\u0432\u0435\u0440\u0430, \u0413\u0435\u0439\u0434\u0435\u043b\u044c\u0431\u0435\u0440\u0433\u0430 \u0442\u0430 \u041f\u0430\u0440\u0438\u0436\u0430.\n\u0417 2002 \u0440\u043e\u043a\u0443 \u043c\u0430\u0454 \u0441\u0435\u0440\u0442\u0438\u0444\u0456\u043a\u0430\u0442 USG \u041f\u043e\u043b\u044c\u0441\u044c\u043a\u043e\u0433\u043e \u0442\u043e\u0432\u0430\u0440\u0438\u0441\u0442\u0432\u0430 \u0443\u043b\u044c\u0442\u0440\u0430\u0437\u0432\u0443\u043a\u0443. \u0412\u0456\u0434 \u0441\u0430\u043c\u043e\u0433\u043e \u043f\u043e\u0447\u0430\u0442\u043a\u0443 \u0432\u0456\u043d \u043f\u043e\u0441\u0442\u0456\u0439\u043d\u043e \u0431\u0440\u0430\u0432 \u0443\u0447\u0430\u0441\u0442\u044c \u0443 \u0432\u0438\u043a\u043b\u0430\u0434\u0430\u0446\u044c\u043a\u0456\u0439 \u0440\u043e\u0431\u043e\u0442\u0456 \u044f\u043a \u0432\u0438\u043a\u043b\u0430\u0434\u0430\u0447 \u0456 \u043d\u0430\u0443\u043a\u043e\u0432\u0438\u0439 \u043a\u0435\u0440\u0456\u0432\u043d\u0438\u043a \u043a\u0443\u0440\u0441\u0456\u0432 \u0443 \u0412\u0430\u0440\u0448\u0430\u0432\u0441\u044c\u043a\u043e\u043c\u0443 \u043c\u0435\u0434\u0438\u0447\u043d\u043e\u043c\u0443 \u0443\u043d\u0456\u0432\u0435\u0440\u0441\u0438\u0442\u0435\u0442\u0456, \u041c\u0435\u0434\u0438\u0447\u043d\u043e\u043c\u0443 \u0446\u0435\u043d\u0442\u0440\u0456 \u043f\u0456\u0441\u043b\u044f\u0434\u0438\u043f\u043b\u043e\u043c\u043d\u043e\u0457 \u043e\u0441\u0432\u0456\u0442\u0438 \u0442\u0430 \u0420\u043e\u0437\u0442\u043e\u0446\u044c\u043a\u0456\u0439 \u0448\u043a\u043e\u043b\u0456 \u0443\u043b\u044c\u0442\u0440\u0430\u0441\u043e\u043d\u043e\u0433\u0440\u0430\u0444\u0456\u0457.\n\u0421\u043f\u0456\u0432\u0430\u0432\u0442\u043e\u0440 \u00ab\u0421\u0442\u0430\u043d\u0434\u0430\u0440\u0442\u0456\u0432 \u043e\u0431\u0441\u0442\u0435\u0436\u0435\u043d\u044c \u041f\u043e\u043b\u044c\u0441\u044c\u043a\u043e\u0433\u043e \u0443\u043b\u044c\u0442\u0440\u0430\u0437\u0432\u0443\u043a\u043e\u0432\u043e\u0433\u043e \u0442\u043e\u0432\u0430\u0440\u0438\u0441\u0442\u0432\u0430\u00bb.\n\u041d\u0430\u0433\u043e\u0440\u043e\u0434\u0436\u0435\u043d\u0438\u0439 \u0432\u0456\u0434\u0437\u043d\u0430\u043a\u043e\u044e \u041c\u0456\u043d\u0456\u0441\u0442\u0440\u0430 \u043e\u0445\u043e\u0440\u043e\u043d\u0438 \u0437\u0434\u043e\u0440\u043e\u0432'\u044f \u0437\u0430 \u043c\u043e\u043d\u043e\u0433\u0440\u0430\u0444\u0456\u044e \u00ab\u0423\u043b\u044c\u0442\u0440\u0430\u0441\u043e\u043d\u043e\u0433\u0440\u0430\u0444\u0456\u0447\u043d\u0438\u0439 \u0430\u0442\u043b\u0430\u0441 \u043e\u0441\u0435\u0440\u0435\u0434\u043a\u043e\u0432\u0438\u0445 \u0443\u0440\u0430\u0436\u0435\u043d\u044c \u043d\u0438\u0440\u043e\u043a\u00bb.\n\u0427\u043b\u0435\u043d \u043f\u0440\u0430\u0432\u043b\u0456\u043d\u043d\u044f \u041f\u043e\u043b\u044c\u0441\u044c\u043a\u043e\u0433\u043e \u0443\u043b\u044c\u0442\u0440\u0430\u0437\u0432\u0443\u043a\u043e\u0432\u043e\u0433\u043e \u0442\u043e\u0432\u0430\u0440\u0438\u0441\u0442\u0432\u0430.\n\u0420\u0435\u0434\u0430\u043a\u0442\u043e\u0440 \u0440\u043e\u0437\u0434\u0456\u043b\u0443 \u00ab\u0423\u0417\u0414 \u0434\u043b\u044f \u0443\u0440\u043e\u043b\u043e\u0433\u0430\u00bb \u0432 Przegl\u0105d Urologiczne.\n\u0420\u0435\u0434\u0430\u043a\u0442\u043e\u0440 \u0440\u043e\u0437\u0434\u0456\u043b\u0443 \u0423\u043b\u044c\u0442\u0440\u0430\u0437\u0432\u0443\u043a\u043e\u0432\u0435 \u0434\u043e\u0441\u043b\u0456\u0434\u0436\u0435\u043d\u043d\u044f \u0441\u0435\u0447\u043e\u0441\u0442\u0430\u0442\u0435\u0432\u043e\u0457 \u0441\u0438\u0441\u0442\u0435\u043c\u0438 \u0432 \u0436\u0443\u0440\u043d\u0430\u043b\u0456 Ultrasonography.\n\u0420\u0435\u0434\u0430\u043a\u0442\u043e\u0440 \u0440\u043e\u0437\u0434\u0456\u043b\u0443<\/p><p>Od lat \u0142\u0105czy z pasj\u0105 prac\u0119 kliniczn\u0105 i naukow\u0105. W ostatnich latach koncentruje si\u0119 na mo\u017cliwo\u015bciach wysokopolowych system\u00f3w.<\/p><p style=\"text-align: center;\">Zajmuje si\u0119:<\/p><ul><li style=\"text-align: center;\">Kamic\u0105 nerkow\u0105,<\/li><li style=\"text-align: center;\">Kamic\u0105 moczow\u0105,<\/li><li style=\"text-align: center;\">Przerostem prostaty,<\/li><li style=\"text-align: center;\">Stulejk\u0105,<\/li><li style=\"text-align: center;\">Rakiem prostaty,<\/li><li style=\"text-align: center;\">Zapaleniem prostaty,<\/li><li style=\"text-align: center;\">Nietrzymaniem moczu,<\/li><li style=\"text-align: center;\">Wodniakiem j\u0105dra,<\/li><li style=\"text-align: center;\">Rakiem j\u0105dra,<\/li><li style=\"text-align: center;\">Rakiem p\u0119cherza moczowego,<\/li><li style=\"text-align: center;\">Biopsj\u0105 gruczo\u0142u krokowego,<\/li><li style=\"text-align: center;\">Rologi\u0105 onkologiczn\u0105 w szczeg\u00f3lno\u015bci rak gruczo\u0142u krokowego.<\/li><\/ul><\/div><\/div><\/div>\t\t\t\t\t\t\t\t<\/div>\n\t\t\t\t<\/div>\n\t\t\t\t\t<\/div>\n\t\t<\/div>\n\t\t\t\t\t<\/div>\n\t\t<\/section>\n\t\t\t\t<\/div>","protected":false},"excerpt":{"rendered":"<p>Uko\u0144czy\u0142 studia medyczne w Akademii Medycznej w Warszawie w 2001 r. Zajmuje si\u0119 diagnostyk\u0105 i leczeniem urologicznym.\u00a0 Jest szczeg\u00f3lnie zainteresowany ma\u0142oinwazyjnymi metodami leczenia nowotwor\u00f3w pod kontrol\u0105 bada\u0144 obrazowych. Jako pierwszy w Polsce wykona\u0142 zabiegi biopsji gruczo\u0142u krokowego pod nadzorem fuzji obraz\u00f3w rezonansu magnetycznego i usg z dost\u0119pu przezodbytniczego i przezkroczowego przy u\u017cyciu system\u00f3w BioJet oraz [&hellip;]<\/p>","protected":false},"author":5,"featured_media":0,"parent":0,"menu_order":0,"comment_status":"closed","ping_status":"closed","template":"","meta":{"_seopress_robots_primary_cat":"","_seopress_titles_title":"Andrzej Lewicki, urolog - Radio Medica w Warszawie","_seopress_titles_desc":"","_seopress_robots_index":"","inline_featured_image":false,"footnotes":""},"class_list":["post-2503","page","type-page","status-publish","hentry"],"_links":{"self":[{"href":"https:\/\/radiomedica.pl\/ua\/wp-json\/wp\/v2\/pages\/2503","targetHints":{"allow":["GET"]}}],"collection":[{"href":"https:\/\/radiomedica.pl\/ua\/wp-json\/wp\/v2\/pages"}],"about":[{"href":"https:\/\/radiomedica.pl\/ua\/wp-json\/wp\/v2\/types\/page"}],"author":[{"embeddable":true,"href":"https:\/\/radiomedica.pl\/ua\/wp-json\/wp\/v2\/users\/5"}],"replies":[{"embeddable":true,"href":"https:\/\/radiomedica.pl\/ua\/wp-json\/wp\/v2\/comments?post=2503"}],"version-history":[{"count":0,"href":"https:\/\/radiomedica.pl\/ua\/wp-json\/wp\/v2\/pages\/2503\/revisions"}],"wp:attachment":[{"href":"https:\/\/radiomedica.pl\/ua\/wp-json\/wp\/v2\/media?parent=2503"}],"curies":[{"name":"wp","href":"https:\/\/api.w.org\/{rel}","templated":true}]}}