{"id":2430,"date":"2021-10-20T11:42:27","date_gmt":"2021-10-20T09:42:27","guid":{"rendered":"https:\/\/radiomedica.pl\/?page_id=2430"},"modified":"2021-11-18T13:49:15","modified_gmt":"2021-11-18T11:49:15","slug":"zbigniew-krogulec","status":"publish","type":"page","link":"https:\/\/radiomedica.pl\/ua\/zbigniew-krogulec\/","title":{"rendered":"Zbigniew Krogulec"},"content":{"rendered":"<div data-elementor-type=\"wp-page\" data-elementor-id=\"2430\" class=\"elementor elementor-2430\" data-elementor-post-type=\"page\">\n\t\t\t\t\t\t<section class=\"elementor-section elementor-top-section elementor-element elementor-element-8cb91c4 elementor-section-boxed elementor-section-height-default elementor-section-height-default\" data-id=\"8cb91c4\" data-element_type=\"section\">\n\t\t\t\t\t\t<div class=\"elementor-container elementor-column-gap-default\">\n\t\t\t\t\t<div class=\"elementor-column elementor-col-100 elementor-top-column elementor-element elementor-element-963f5f3\" data-id=\"963f5f3\" data-element_type=\"column\">\n\t\t\t<div class=\"elementor-widget-wrap elementor-element-populated\">\n\t\t\t\t\t\t<div class=\"elementor-element elementor-element-ef005b5 elementor-widget elementor-widget-image\" data-id=\"ef005b5\" data-element_type=\"widget\" data-widget_type=\"image.default\">\n\t\t\t\t<div class=\"elementor-widget-container\">\n\t\t\t\t\t\t\t\t\t\t\t\t\t\t\t<img fetchpriority=\"high\" decoding=\"async\" width=\"290\" height=\"290\" src=\"https:\/\/radiomedica.pl\/wp-content\/uploads\/2021\/10\/Zbigniew-Krogulec.jpg\" class=\"attachment-large size-large wp-image-2432\" alt=\"\" srcset=\"https:\/\/radiomedica.pl\/wp-content\/uploads\/2021\/10\/Zbigniew-Krogulec.jpg 290w, https:\/\/radiomedica.pl\/wp-content\/uploads\/2021\/10\/Zbigniew-Krogulec-100x100.jpg 100w, https:\/\/radiomedica.pl\/wp-content\/uploads\/2021\/10\/Zbigniew-Krogulec-150x150.jpg 150w\" sizes=\"(max-width: 290px) 100vw, 290px\" \/>\t\t\t\t\t\t\t\t\t\t\t\t\t\t\t<\/div>\n\t\t\t\t<\/div>\n\t\t\t\t\t<\/div>\n\t\t<\/div>\n\t\t\t\t\t<\/div>\n\t\t<\/section>\n\t\t\t\t<section class=\"elementor-section elementor-top-section elementor-element elementor-element-170b65e elementor-section-boxed elementor-section-height-default elementor-section-height-default\" data-id=\"170b65e\" data-element_type=\"section\">\n\t\t\t\t\t\t<div class=\"elementor-container elementor-column-gap-default\">\n\t\t\t\t\t<div class=\"elementor-column elementor-col-100 elementor-top-column elementor-element elementor-element-6de2b6e\" data-id=\"6de2b6e\" data-element_type=\"column\">\n\t\t\t<div class=\"elementor-widget-wrap elementor-element-populated\">\n\t\t\t\t\t\t<div class=\"elementor-element elementor-element-4b359a4 elementor-widget elementor-widget-text-editor\" data-id=\"4b359a4\" data-element_type=\"widget\" data-widget_type=\"text-editor.default\">\n\t\t\t\t<div class=\"elementor-widget-container\">\n\t\t\t\t\t\t\t\t\tLekarz ortopeda ze specjalizacj\u0105 ortopedia i traumatologia narz\u0105du ruchu.\n<div style=\"text-align: center;\"><u class=\"read-more-toggle\">Zajmuje si\u0119:<\/u><\/div>\n\n<div class=\"read-more-content\">\n<h2>Lek. Zbigniew Krogulec &#8211; lekarz ortopeda<\/h2>\n<p style=\"text-align: justify;\">Stosunkow\u0105 now\u0105 dziedzin\u0105 w obr\u0119bie ortopedii staje si\u0119 us\u0142uga dobrych lekarzy. Znany Lekarz Zbigniew Krogulec gdzie przyjmuje? Przede wszystkim dr Krogulec ortopeda jest w RadioMedica. Um\u00f3w si\u0119 na wizyt\u0119 ju\u017c dzi\u015b!<\/p>\n\n<h2>Zbigniew Krogulec gdzie przyjmuje?<\/h2>\n<p style=\"text-align: justify;\"><strong>Lek. Zbigniew Krogulec &#8211; Um\u00f3w wizyt\u0119 online! Znany Lekarz przyjmuje w Radio Medica!<\/strong><\/p>\n<p style=\"text-align: justify;\">Zabiegi wykonywane w ramach ortopedii wykonuje Krogulec ortopeda, ale przede wszystkim Zbigniew Krogulec to dobry diagnosta. Jej podstawowym zadaniem jest zauwa\u017cenie nie tylko zmiany wygl\u0105du cz\u0119\u015bci cia\u0142a na skutek urazu, ale te\u017c ustalenie odpowiedniego leczenia. Dr Krogulec zna si\u0119 fachowo na objawach wyst\u0119puj\u0105cych u kobiety, jak i u m\u0119\u017cczyzny.<\/p>\n\n<h2>Zbigniew Krogulec polecany Ortopeda Warszawa<\/h2>\n<p style=\"text-align: justify;\">Zar\u00f3wno ze wzgl\u0119d\u00f3w du\u017cego do\u015bwiadczenia, jak i umiej\u0119tno\u015bci wykonywania us\u0142ug zdrowotnych lekarz Zbigniew Krogulec, ortopeda, medycyna i inne terminy s\u0105 bardzo popularne. U niekt\u00f3rych ludzi nietypowy wygl\u0105d cia\u0142a po urazie jest powodem kompleks\u00f3w, jak i problem\u00f3w zdrowotnych. Lek. Zbigniew Krogulec &#8211; lekarz ortopeda &#8211; katalog lekarzy rekomenduje, jako jednego ze specjalist\u00f3w w swojej dziedzinie. Znajdziemy, wi\u0119c informacje lekarz Zbigniew Krogulec &#8211; opinie &#8211; ortopeda, chirurg Warszawa jest w stanie temu zaradzi\u0107. Potrzebujesz wiedzie\u0107, gdzie ortopeda Krogulec gdzie przyjmuje? Zacznij od strony RadioMedica!<\/p>\n\n<\/div>\n<ul style=\"list-style-type: none;\">\n \t<li style=\"text-align: center;\">Deformacjami,<\/li>\n \t<li style=\"text-align: center;\">Z\u0142amaniami,<\/li>\n \t<li style=\"text-align: center;\">Chorobami reumatologicznymi,<\/li>\n \t<li style=\"text-align: center;\">Chorobami \u015bci\u0119gien,<\/li>\n \t<li style=\"text-align: center;\">Zwyrodnieniem staw\u00f3w,<\/li>\n \t<li style=\"text-align: center;\">Zesp\u00f3\u0142em cie\u015bni nadgarstka.<\/li>\n<\/ul>\t\t\t\t\t\t\t\t<\/div>\n\t\t\t\t<\/div>\n\t\t\t\t\t<\/div>\n\t\t<\/div>\n\t\t\t\t\t<\/div>\n\t\t<\/section>\n\t\t\t\t<\/div>","protected":false},"excerpt":{"rendered":"<p>Lekarz ortopeda ze specjalizacj\u0105 ortopedia i traumatologia narz\u0105du ruchu. Zajmuje si\u0119: Lek. Zbigniew Krogulec &#8211; lekarz ortopeda Stosunkow\u0105 now\u0105 dziedzin\u0105 w obr\u0119bie ortopedii staje si\u0119 us\u0142uga dobrych lekarzy. Znany Lekarz Zbigniew Krogulec gdzie przyjmuje? Przede wszystkim dr Krogulec ortopeda jest w RadioMedica. Um\u00f3w si\u0119 na wizyt\u0119 ju\u017c dzi\u015b! Zbigniew Krogulec gdzie przyjmuje? Lek. Zbigniew Krogulec [&hellip;]<\/p>","protected":false},"author":5,"featured_media":0,"parent":0,"menu_order":0,"comment_status":"closed","ping_status":"closed","template":"","meta":{"_seopress_robots_primary_cat":"","_seopress_titles_title":"Zbigniew Krogulec gdzie przyjmuje? Radio Medica | polecany Ortopeda Warszawa","_seopress_titles_desc":"Lekarz ortopeda ze specjalizacj\u0105 ortopedia i traumatologia narz\u0105du ruchu. Zbigniew Krogulec gdzie przyjmuje? W RadioMedica. Ortopeda zajmuje si\u0119: Deformacjami, Z\u0142amaniami, Chorobami reumatologicznymi, Chorobami \u015bci\u0119gien, Zwyrodnieniem staw\u00f3w, Zespo\u0142em cie\u015bni nadgarstka.","_seopress_robots_index":"","inline_featured_image":false,"footnotes":""},"class_list":["post-2430","page","type-page","status-publish","hentry"],"_links":{"self":[{"href":"https:\/\/radiomedica.pl\/ua\/wp-json\/wp\/v2\/pages\/2430","targetHints":{"allow":["GET"]}}],"collection":[{"href":"https:\/\/radiomedica.pl\/ua\/wp-json\/wp\/v2\/pages"}],"about":[{"href":"https:\/\/radiomedica.pl\/ua\/wp-json\/wp\/v2\/types\/page"}],"author":[{"embeddable":true,"href":"https:\/\/radiomedica.pl\/ua\/wp-json\/wp\/v2\/users\/5"}],"replies":[{"embeddable":true,"href":"https:\/\/radiomedica.pl\/ua\/wp-json\/wp\/v2\/comments?post=2430"}],"version-history":[{"count":0,"href":"https:\/\/radiomedica.pl\/ua\/wp-json\/wp\/v2\/pages\/2430\/revisions"}],"wp:attachment":[{"href":"https:\/\/radiomedica.pl\/ua\/wp-json\/wp\/v2\/media?parent=2430"}],"curies":[{"name":"wp","href":"https:\/\/api.w.org\/{rel}","templated":true}]}}