{"id":2421,"date":"2021-10-20T11:33:29","date_gmt":"2021-10-20T09:33:29","guid":{"rendered":"https:\/\/radiomedica.pl\/?page_id=2421"},"modified":"2021-10-20T11:37:14","modified_gmt":"2021-10-20T09:37:14","slug":"rafal-konieczny","status":"publish","type":"page","link":"https:\/\/radiomedica.pl\/ua\/rafal-konieczny\/","title":{"rendered":"Rafa\u0142 Konieczny"},"content":{"rendered":"<div data-elementor-type=\"wp-page\" data-elementor-id=\"2421\" class=\"elementor elementor-2421\" data-elementor-post-type=\"page\">\n\t\t\t\t\t\t<section class=\"elementor-section elementor-top-section elementor-element elementor-element-fbbca98 elementor-section-boxed elementor-section-height-default elementor-section-height-default\" data-id=\"fbbca98\" data-element_type=\"section\">\n\t\t\t\t\t\t<div class=\"elementor-container elementor-column-gap-default\">\n\t\t\t\t\t<div class=\"elementor-column elementor-col-100 elementor-top-column elementor-element elementor-element-97a8d9a\" data-id=\"97a8d9a\" data-element_type=\"column\">\n\t\t\t<div class=\"elementor-widget-wrap elementor-element-populated\">\n\t\t\t\t\t\t<div class=\"elementor-element elementor-element-630c5a3 elementor-widget elementor-widget-image\" data-id=\"630c5a3\" data-element_type=\"widget\" data-widget_type=\"image.default\">\n\t\t\t\t<div class=\"elementor-widget-container\">\n\t\t\t\t\t\t\t\t\t\t\t\t\t\t\t<img fetchpriority=\"high\" decoding=\"async\" width=\"280\" height=\"280\" src=\"https:\/\/radiomedica.pl\/wp-content\/uploads\/2021\/10\/Rafal-konieczny.jpg\" class=\"attachment-medium_large size-medium_large wp-image-2423\" alt=\"\" srcset=\"https:\/\/radiomedica.pl\/wp-content\/uploads\/2021\/10\/Rafal-konieczny.jpg 280w, https:\/\/radiomedica.pl\/wp-content\/uploads\/2021\/10\/Rafal-konieczny-100x100.jpg 100w, https:\/\/radiomedica.pl\/wp-content\/uploads\/2021\/10\/Rafal-konieczny-150x150.jpg 150w\" sizes=\"(max-width: 280px) 100vw, 280px\" \/>\t\t\t\t\t\t\t\t\t\t\t\t\t\t\t<\/div>\n\t\t\t\t<\/div>\n\t\t\t\t\t<\/div>\n\t\t<\/div>\n\t\t\t\t\t<\/div>\n\t\t<\/section>\n\t\t\t\t<section class=\"elementor-section elementor-top-section elementor-element elementor-element-366464b elementor-section-boxed elementor-section-height-default elementor-section-height-default\" data-id=\"366464b\" data-element_type=\"section\">\n\t\t\t\t\t\t<div class=\"elementor-container elementor-column-gap-default\">\n\t\t\t\t\t<div class=\"elementor-column elementor-col-100 elementor-top-column elementor-element elementor-element-bfd7ebd\" data-id=\"bfd7ebd\" data-element_type=\"column\">\n\t\t\t<div class=\"elementor-widget-wrap elementor-element-populated\">\n\t\t\t\t\t\t<div class=\"elementor-element elementor-element-2e77352 elementor-widget elementor-widget-text-editor\" data-id=\"2e77352\" data-element_type=\"widget\" data-widget_type=\"text-editor.default\">\n\t\t\t\t<div class=\"elementor-widget-container\">\n\t\t\t\t\t\t\t\t\t<p>Specjalista ortopeda-traumatolog, chirurg kr\u0119gos\u0142upa.Absolwent Akademii Medycznej w Warszawie. Od 1999 r asystent na Oddziale Neruoortopedii Centrum Rehabilitacji STOCER w Konstancinie-Jeziornej.<br \/>Cz\u0142onek Polskiego Towarzystwa Chirurgii Kr\u0119gos\u0142upa.Ze wzgl\u0119du na charakter oddzia\u0142u macierzystego, w kt\u00f3rym pracuje od wielu lat oraz dziesi\u0119ciolecia przewodzenia polskiej szkole rehabilitacji dr R.Konieczny ma du\u017ce do\u015bwiadczenie zar\u00f3wno w leczeniu zachowawczym schorze\u0144 ca\u0142ego kr\u0119gos\u0142upa jak i w leczeniu operacyjnym z zastosowaniem nowoczesnych technik instrumentacji kr\u0119gos\u0142upa.<\/p><p style=\"text-align: center;\">Zajmuje si\u0119:<\/p><ul><li style=\"text-align: center;\">Rw\u0105 kulszow\u0105,<\/li><li style=\"text-align: center;\">Endoprotez\u0105,<\/li><li style=\"text-align: center;\">Dyskopati\u0105,<\/li><li style=\"text-align: center;\">Skolioz\u0105,<\/li><li style=\"text-align: center;\">Zawrotami g\u0142owy,<\/li><li style=\"text-align: center;\">Zesp\u00f3\u0142em cie\u015bni nadgarstka,<\/li><li style=\"text-align: center;\">\u0141okciem tenisisty,<\/li><li style=\"text-align: center;\">Lordoz\u0105,<\/li><li style=\"text-align: center;\">Zwyrodnieniem staw\u00f3w kr\u0119gos\u0142upa,<\/li><li style=\"text-align: center;\">Ostrog\u0105 pi\u0119tow\u0105,<\/li><li style=\"text-align: center;\">B\u00f3lem kolana,<\/li><li style=\"text-align: center;\">Chorob\u0105 Scheuermanna,<\/li><li style=\"text-align: center;\">B\u00f3lem plec\u00f3w,<\/li><li style=\"text-align: center;\">Chorobami cywilizacyjnymi,<\/li><li style=\"text-align: center;\">P\u0142askostopiem.<\/li><\/ul>\t\t\t\t\t\t\t\t<\/div>\n\t\t\t\t<\/div>\n\t\t\t\t\t<\/div>\n\t\t<\/div>\n\t\t\t\t\t<\/div>\n\t\t<\/section>\n\t\t\t\t<\/div>","protected":false},"excerpt":{"rendered":"<p>Specjalista ortopeda-traumatolog, chirurg kr\u0119gos\u0142upa.Absolwent Akademii Medycznej w Warszawie. Od 1999 r asystent na Oddziale Neruoortopedii Centrum Rehabilitacji STOCER w Konstancinie-Jeziornej.Cz\u0142onek Polskiego Towarzystwa Chirurgii Kr\u0119gos\u0142upa.Ze wzgl\u0119du na charakter oddzia\u0142u macierzystego, w kt\u00f3rym pracuje od wielu lat oraz dziesi\u0119ciolecia przewodzenia polskiej szkole rehabilitacji dr R.Konieczny ma du\u017ce do\u015bwiadczenie zar\u00f3wno w leczeniu zachowawczym schorze\u0144 ca\u0142ego kr\u0119gos\u0142upa jak i [&hellip;]<\/p>","protected":false},"author":5,"featured_media":0,"parent":0,"menu_order":0,"comment_status":"closed","ping_status":"closed","template":"","meta":{"_seopress_robots_primary_cat":"","_seopress_titles_title":"","_seopress_titles_desc":"","_seopress_robots_index":"","inline_featured_image":false,"footnotes":""},"class_list":["post-2421","page","type-page","status-publish","hentry"],"_links":{"self":[{"href":"https:\/\/radiomedica.pl\/ua\/wp-json\/wp\/v2\/pages\/2421","targetHints":{"allow":["GET"]}}],"collection":[{"href":"https:\/\/radiomedica.pl\/ua\/wp-json\/wp\/v2\/pages"}],"about":[{"href":"https:\/\/radiomedica.pl\/ua\/wp-json\/wp\/v2\/types\/page"}],"author":[{"embeddable":true,"href":"https:\/\/radiomedica.pl\/ua\/wp-json\/wp\/v2\/users\/5"}],"replies":[{"embeddable":true,"href":"https:\/\/radiomedica.pl\/ua\/wp-json\/wp\/v2\/comments?post=2421"}],"version-history":[{"count":0,"href":"https:\/\/radiomedica.pl\/ua\/wp-json\/wp\/v2\/pages\/2421\/revisions"}],"wp:attachment":[{"href":"https:\/\/radiomedica.pl\/ua\/wp-json\/wp\/v2\/media?parent=2421"}],"curies":[{"name":"wp","href":"https:\/\/api.w.org\/{rel}","templated":true}]}}