{"id":2324,"date":"2021-09-29T11:46:01","date_gmt":"2021-09-29T09:46:01","guid":{"rendered":"https:\/\/radiomedica.pl\/?page_id=2324"},"modified":"2021-10-08T12:06:13","modified_gmt":"2021-10-08T10:06:13","slug":"rwa-kulszowa","status":"publish","type":"page","link":"https:\/\/radiomedica.pl\/ua\/rwa-kulszowa\/","title":{"rendered":"Rwa kulszowa"},"content":{"rendered":"<div class=\"read-more-toggle\" style=\"text-align: right;\">*<\/div>\n<div class=\"read-more-content\">\n<p style=\"text-align: justify;\">Co to jest rwa kulszowa? Dolegliwo\u015b\u0107 tak\u0105 okre\u015blamy jako zesp\u00f3\u0142 objaw\u00f3w b\u00f3lowych spowodowanych podra\u017cnieniem lub uszkodzeniem nerwu kulszowego. Nerw kulszowy lub jego korzenie, kt\u00f3re s\u0105 uszkodzone, przyczyniaj\u0105 si\u0119 do naszych powa\u017cnych dolegliwo\u015bci ruchowych.<\/p>\n<h2>Objawy rwy kulszowej<\/h2>\n<p style=\"text-align: justify;\">Je\u015bli chodzi o <a href=\"https:\/\/radiomedica.pl\/ua\/ambulatorium\/\">rwa kulszowa<\/a> objawy najcz\u0119\u015bciej w formie dolegliwo\u015bci b\u00f3lowych wyst\u0119puj\u0105 w okolicy po\u015bladk\u00f3w, kt\u00f3re promieniuj\u0105 do ko\u0144czyn dolnych. Inne objawy to powtarzaj\u0105ce si\u0119 odr\u0119twienia i mrowienia n\u00f3g. Rwa kulszowa rezonans to skuteczny spos\u00f3b na to, by zdiagnozowa\u0107 problem i zastosowa\u0107 leczenie.<\/p>\n<p style=\"text-align: justify;\">Rwa kulszowa udowa, rwa udowa s\u0105 okre\u015bleniami objaw\u00f3w, kt\u00f3re zak\u0142\u00f3caj\u0105 nasze codzienne czynno\u015bci \u017cyciowe. Nie leczone mog\u0105 nawet utrudnia\u0107 w znacznym stopniu chodzenie. Zapoznaj si\u0119 z tematem- rwa kulszowa masa\u017c, kt\u00f3ry r\u00f3wnie\u017c sprawdza si\u0119 w \u0142agodzeniu b\u00f3lu.<\/p>\n<h2>Rwa kulszowa rezonans<\/h2>\n<p style=\"text-align: justify;\">Kiedy b\u00f3l nerwu kulszowego staje si\u0119 uci\u0105\u017cliwy, najcz\u0119\u015bciej kierujemy si\u0119 do lekarza rodzinnego, kt\u00f3ry z kolei kieruje nas do ortopedy lub chirurga. Kr\u00f3tsz\u0105 drog\u0105 b\u0119dzie znalezienie dobrego, prywatnego lekarza specjalist\u0119, kt\u00f3ry ma uprawnienia skierowania nas na rezonans. Nale\u017cy zdawa\u0107 sobie spraw\u0119, \u017ce rwa kulszowa w nodze mo\u017ce uniemo\u017cliwi\u0107 swobodne funkcjonowanie.<\/p>\n<p>Zobacz te\u017c: <a href=\"https:\/\/radiomedica.pl\/ua\/rezonans-magnetyczny-kregoslupa\/\">rezonans magnetyczny kr\u0119gos\u0142upa<\/a><\/p>\n<\/div>\n<p style=\"text-align: justify;\"><img fetchpriority=\"high\" decoding=\"async\" class=\"alignright\" style=\"text-align: center;\" src=\"https:\/\/radiomedica.pl\/wp-content\/uploads\/2021\/09\/alarm.jpg\" alt=\"Ambulatorium, Radiomedica\" width=\"303\" height=\"202\" \/>Rwa kulszowa objawia si\u0119 na r\u00f3\u017cne sposoby. Najcz\u0119\u015bciej, jednak spotykany jest <em><strong>nag\u0142y b\u00f3l okolicy l\u0119d\u017awiowej, promieniuj\u0105cy do po\u015bladka, tylnej powierzchni uda lub do \u0142ydki albo stopy<\/strong><\/em>.\u00a0Zwykle towarzyszy mu uczucie os\u0142abienia si\u0142y mi\u0119\u015bniowej i dr\u0119twienia powy\u017cszych okolic cia\u0142a.<\/p>\n<p style=\"text-align: justify;\">Czasem b\u00f3le s\u0105 tak silne, \u017ce chory zmuszony jest do przyj\u0119cia pozycji le\u017c\u0105cej. Mog\u0105 wyst\u0119powa\u0107 parestezje i dr\u0119twienia, zaburzenia czucia w r\u00f3\u017cnych miejscach ko\u0144czyn dolnych.<\/p>\n<h4 style=\"text-align: center;\"><span style=\"color: #ff0000;\">Ambulatorium urazowe przyjmuje pacjent\u00f3w bez zapis\u00f3w!<\/span><\/h4>\n<p style=\"text-align: justify;\">Konsultacje pacjentom z dolegliwo\u015bciami b\u00f3lowymi kr\u0119gos\u0142upa (np. <strong>rwa kulszowa<\/strong>) lub nasileniem si\u0119 przewlek\u0142ych dolegliwo\u015bci b\u00f3lowych w obr\u0119bie narz\u0105du ruchu b\u0119d\u0105, wi\u0119c Pa\u0144stwu udzielone na bie\u017c\u0105co.<\/p>\n<p style=\"text-align: justify;\">Szczeg\u00f3\u0142owe informacje na temat pracy ambulatorium znajduj\u0105 si\u0119 tutaj <a href=\"https:\/\/radiomedica.pl\/ua\/ambulatorium\/\">AMBULATORIUM URAZOWE<\/a>.<\/p>\n<p style=\"text-align: left;\">Masz pytania lub chcesz um\u00f3wi\u0107 wizyt\u0119? <a href=\"https:\/\/radiomedica.pl\/ua\/kontakt\/\">Skontaktuj si\u0119 z Nami<\/a>!<\/p>\n<p><img decoding=\"async\" class=\"size-medium wp-image-1732 aligncenter\" src=\"https:\/\/radiomedica.pl\/wp-content\/uploads\/2021\/04\/a5.jpg\" alt=\"Rwa kulszowa, Radiomedica\" width=\"100%\" data-wp-editing=\"1\" \/><\/p>","protected":false},"excerpt":{"rendered":"<p>* Co to jest rwa kulszowa? Dolegliwo\u015b\u0107 tak\u0105 okre\u015blamy jako zesp\u00f3\u0142 objaw\u00f3w b\u00f3lowych spowodowanych podra\u017cnieniem lub uszkodzeniem nerwu kulszowego. Nerw kulszowy lub jego korzenie, kt\u00f3re s\u0105 uszkodzone, przyczyniaj\u0105 si\u0119 do naszych powa\u017cnych dolegliwo\u015bci ruchowych. Objawy rwy kulszowej Je\u015bli chodzi o rwa kulszowa objawy najcz\u0119\u015bciej w formie dolegliwo\u015bci b\u00f3lowych wyst\u0119puj\u0105 w okolicy po\u015bladk\u00f3w, kt\u00f3re promieniuj\u0105 do [&hellip;]<\/p>","protected":false},"author":1,"featured_media":0,"parent":0,"menu_order":0,"comment_status":"closed","ping_status":"closed","template":"","meta":{"_seopress_robots_primary_cat":"","_seopress_titles_title":"","_seopress_titles_desc":"","_seopress_robots_index":"","inline_featured_image":false,"footnotes":""},"class_list":["post-2324","page","type-page","status-publish","hentry"],"_links":{"self":[{"href":"https:\/\/radiomedica.pl\/ua\/wp-json\/wp\/v2\/pages\/2324","targetHints":{"allow":["GET"]}}],"collection":[{"href":"https:\/\/radiomedica.pl\/ua\/wp-json\/wp\/v2\/pages"}],"about":[{"href":"https:\/\/radiomedica.pl\/ua\/wp-json\/wp\/v2\/types\/page"}],"author":[{"embeddable":true,"href":"https:\/\/radiomedica.pl\/ua\/wp-json\/wp\/v2\/users\/1"}],"replies":[{"embeddable":true,"href":"https:\/\/radiomedica.pl\/ua\/wp-json\/wp\/v2\/comments?post=2324"}],"version-history":[{"count":0,"href":"https:\/\/radiomedica.pl\/ua\/wp-json\/wp\/v2\/pages\/2324\/revisions"}],"wp:attachment":[{"href":"https:\/\/radiomedica.pl\/ua\/wp-json\/wp\/v2\/media?parent=2324"}],"curies":[{"name":"wp","href":"https:\/\/api.w.org\/{rel}","templated":true}]}}