{"id":1325,"date":"2021-05-24T11:12:14","date_gmt":"2021-05-24T11:12:14","guid":{"rendered":"https:\/\/radiomedica.pl\/?page_id=1325"},"modified":"2024-03-16T18:01:25","modified_gmt":"2024-03-16T16:01:25","slug":"rezonans-magnetyczny-przysadki-1","status":"publish","type":"page","link":"https:\/\/radiomedica.pl\/ua\/rezonans-magnetyczny-przysadki-1\/","title":{"rendered":"Rezonans magnetyczny przysadki"},"content":{"rendered":"<div class=\"read-more-toggle\" style=\"text-align: right;\">*<\/div>\n<div class=\"read-more-content\">\n<p style=\"text-align: justify;\">Dowiedz si\u0119, czym jest rezonans magnetyczny przysadki Warszawa i dlaczego warto go wykona\u0107!<\/p>\n<h4>Najpopularniejsze pytania:<\/h4>\n<p style=\"text-align: center;\">rezonans przysadki m\u00f3zgowej * rezonans magnetyczny przysadki * badania przysadki m\u00f3zgowej * rezonans magnetyczny przysadki m\u00f3zgowej * badanie przysadki m\u00f3zgowej * rezonans przysadki * rezonans przysadki m\u00f3zgowej z kontrastem * mri przysadki * ma\u0142a przysadka m\u00f3zgowa * mri przysadki m\u00f3zgowej * mri przysadki * rezonans przysadki<\/p>\n<\/div>\n<h2 style=\"font-size: 16px;\"><a href=\"https:\/\/radiomedica.pl\/ua\/#kontakt\"><img decoding=\"async\" class=\"alignright\" src=\"https:\/\/radiomedica.pl\/wp-content\/uploads\/2021\/11\/glowa.jpg\" alt=\"Rezonans magnetyczny jamy brzusznej Warszawa - Radio Medica Warszawa\" width=\"50%\" \/><\/a><strong>Rezonans magnetyczny przysadki w Warszawie<\/strong><\/h2>\n<h2 style=\"font-size: 26px;\"><strong>Dlaczego rezonans magnetyczny przysadki?<\/strong><\/h2>\n<p style=\"text-align: justify;\">Najlepszym sposobem na przyjrzenie si\u0119 i ocena przysadki m\u00f3zgowej jest rezonans magnetyczny. Badanie rezonansem magnetycznym daje znacznie lepszy obraz gruczo\u0142u i otaczaj\u0105cych go struktur ni\u017c inne rodzaje bada\u0144 diagnostycznych.<\/p>\n<h4 style=\"text-align: center; margin-top: 5%;\"><a href=\"https:\/\/radiomedica.pl\/ua\/#kontakt\">Um\u00f3w si\u0119 na wizyt\u0119!<\/a><\/h4>\n<h2 style=\"font-size: 26px;\"><strong>Rezonans magnetyczny przysadki \u2013 przebieg badania<\/strong><\/h2>\n<p style=\"text-align: justify;\">Pomieszczenie, w kt\u00f3rym wykonujemy badania rezonansem magnetycznym jest w pe\u0142ni klimatyzowane. Dodatkowo w trakcie ca\u0142ego badania, Pacjent otrzymuje od nas specjalny sygnalizator \u2013 je\u015bli badanie z jakiegokolwiek powodu musi zosta\u0107 przerwane, wystarczy go nacisn\u0105\u0107.<br \/>\nW czasie ca\u0142ego pobytu w Radio Medica, Pacjent znajduje si\u0119 pod sta\u0142\u0105 opiek\u0105 naszego wykwalifikowanego personelu, kt\u00f3ry dok\u0142ada wszelkich stara\u0144 aby ca\u0142e badanie przebieg\u0142o mo\u017cliwie z jak najwi\u0119kszym komfortem dla Pacjenta.<br \/>\nPierwsza cz\u0119\u015b\u0107 badania przysadki rezonansem magnetycznym wygl\u0105da podobnie jak ka\u017cdego innego wykonywanego w rezonansie, po pierwszej cz\u0119\u015bci skan\u00f3w podajemy pacjentowi \u015brodek kontrastowy a nast\u0119pnie ponownie wykonujemy skany.<br \/>\nKontrast u\u0142atwia odr\u00f3\u017cnienie prawid\u0142owej tkanki przysadki m\u00f3zgowej od guz\u00f3w, infekcji lub innych nieprawid\u0142owo\u015bci.<br \/>\nKontrast w rezonansie magnetycznym przysadki w przeciwie\u0144stwie do barwnik\u00f3w kontrastowych na bazie jodu stosowanych w innych badaniach np. tomografii komputerowej- mo\u017ce przyjmowa\u0107 nawet osoba uczulona na jod lub skorupiaki.<br \/>\nPo badaniu z kontrastem nale\u017cy pi\u0107 du\u017co p\u0142yn\u00f3w \/ wody aby szybko wyp\u0142uka\u0107 z organizmu \u015brodek kontrastuj\u0105cy. Badanie jest ca\u0142kowicie bezpieczne, bezbolesne.<br \/>\nZapraszamy do skorzystania z naszych us\u0142ug.<\/p>\n<h2 style=\"font-size: 26px;\"><strong>Rezonans magnetyczny przysadki \u2013 dlaczego warto wykona\u0107 takie badanie<\/strong><\/h2>\n<p style=\"text-align: justify;\">Specjalistyczny rezonans magnetyczny przysadki ma kluczowe znaczenie dla oceny stanu pacjenta. Przysadka m\u00f3zgowa jest ma\u0142a, a niekt\u00f3re guzy oraz struktury m\u00f3zgu w jej obr\u0119bie i wok\u00f3\u0142 niej mog\u0105 by\u0107 jeszcze mniejsze.<br \/>\nRezonans magnetyczny przysadki m\u00f3zgowej (MRI) r\u00f3\u017cni si\u0119 od zwyk\u0142ego rezonansu magnetycznego m\u00f3zgu. Tworzy obrazy o wysokiej rozdzielczo\u015bci, kt\u00f3re pozwalaj\u0105 lekarzom lepiej widzie\u0107 region przysadki.<br \/>\nW przypadku badania rezonansem magnetycznym tego ma\u0142ego gruczo\u0142u preferowany jest aparat zamkni\u0119ty, takim dysponuje w\u0142a\u015bnie pracownia Radio Medica. Dlaczego zamkni\u0119ty? Poniewa\u017c wspomniana rozdzielczo\u015b\u0107 badania jest wtedy lepsza, a co za tym idzie warto\u015b\u0107 diagnostyczna o wiele wi\u0119ksza.<br \/>\nAnalogicznie wygl\u0105da sprawa nat\u0119\u017cenia pola magnetycznego aparatu: wi\u0119kszo\u015b\u0107 komercyjnych aparat\u00f3w do rezonansu magnetycznego dysponuje polem o warto\u015bci 1,5 Tesli. Badanie rezonansem magnetycznym przysadki jest wskazane do wykonania w aparatach wysokopolowych, a w szczeg\u00f3lno\u015bci o nat\u0119\u017ceniu pola 3,0 Tesli. W Radio Medica badania rezonansem magnetycznym wykonujemy przy u\u017cyciu aparatu Siemens 3.oT. Tworz\u0105 one jeszcze lepsze obrazy a w po\u0142\u0105czeniu z nasz\u0105 najwy\u017cszej klasy 32-kana\u0142ow\u0105 cewk\u0105 nadawczo-odbiorcz\u0105 uzyskujemy najwy\u017cszej klasy badania m\u00f3zgu oraz innych struktur neurologicznych.<\/p>\n<p style=\"text-align: center;\"><a href=\"https:\/\/radiomedica.pl\/ua\/cennik\/\">Sprawd\u017a nasz\u0105 ofert\u0119! \u2013 cennik<\/a><\/p>","protected":false},"excerpt":{"rendered":"<p>* Dowiedz si\u0119, czym jest rezonans magnetyczny przysadki Warszawa i dlaczego warto go wykona\u0107! Najpopularniejsze pytania: rezonans przysadki m\u00f3zgowej * rezonans magnetyczny przysadki * badania przysadki m\u00f3zgowej * rezonans magnetyczny przysadki m\u00f3zgowej * badanie przysadki m\u00f3zgowej * rezonans przysadki * rezonans przysadki m\u00f3zgowej z kontrastem * mri przysadki * ma\u0142a przysadka m\u00f3zgowa * mri przysadki [&hellip;]<\/p>","protected":false},"author":1,"featured_media":0,"parent":0,"menu_order":0,"comment_status":"closed","ping_status":"closed","template":"","meta":{"_seopress_robots_primary_cat":"","_seopress_titles_title":"Rezonans magnetyczny przysadki Warszawa - Radio Medica Warszawa","_seopress_titles_desc":"Radio Medica - Rezonans magnetyczny przysadki. Najlepszym sposobem na przyjrzenie si\u0119 i ocena przysadki m\u00f3zgowej jest rezonans magnetyczny. Badanie rezonansem - Sprawd\u017a!","_seopress_robots_index":"","inline_featured_image":false,"footnotes":""},"class_list":["post-1325","page","type-page","status-publish","hentry"],"_links":{"self":[{"href":"https:\/\/radiomedica.pl\/ua\/wp-json\/wp\/v2\/pages\/1325","targetHints":{"allow":["GET"]}}],"collection":[{"href":"https:\/\/radiomedica.pl\/ua\/wp-json\/wp\/v2\/pages"}],"about":[{"href":"https:\/\/radiomedica.pl\/ua\/wp-json\/wp\/v2\/types\/page"}],"author":[{"embeddable":true,"href":"https:\/\/radiomedica.pl\/ua\/wp-json\/wp\/v2\/users\/1"}],"replies":[{"embeddable":true,"href":"https:\/\/radiomedica.pl\/ua\/wp-json\/wp\/v2\/comments?post=1325"}],"version-history":[{"count":1,"href":"https:\/\/radiomedica.pl\/ua\/wp-json\/wp\/v2\/pages\/1325\/revisions"}],"predecessor-version":[{"id":6012,"href":"https:\/\/radiomedica.pl\/ua\/wp-json\/wp\/v2\/pages\/1325\/revisions\/6012"}],"wp:attachment":[{"href":"https:\/\/radiomedica.pl\/ua\/wp-json\/wp\/v2\/media?parent=1325"}],"curies":[{"name":"wp","href":"https:\/\/api.w.org\/{rel}","templated":true}]}}