{"id":1291,"date":"2021-05-24T10:11:19","date_gmt":"2021-05-24T10:11:19","guid":{"rendered":"https:\/\/radiomedica.pl\/?page_id=1291"},"modified":"2021-05-31T06:49:13","modified_gmt":"2021-05-31T06:49:13","slug":"badania","status":"publish","type":"page","link":"https:\/\/radiomedica.pl\/ua\/badania\/","title":{"rendered":"\u041e\u0431\u0441\u0442\u0435\u0436\u0435\u043d\u043d\u044f"},"content":{"rendered":"<ul>\n<li>\n<h2 style=\"font-size: 26px;\"><span style=\"color: #003366;\"><strong><a style=\"color: #003366;\" href=\"https:\/\/radiomedica.pl\/ua\/rezonans-magnetyczny-kolana\/\">Rezonans Magnetyczny Kolana<\/a><\/strong><\/span><\/h2>\n<\/li>\n<li>\n<h2 style=\"font-size: 26px;\"><span style=\"color: #003366;\"><strong><a style=\"color: #003366;\" href=\"https:\/\/radiomedica.pl\/ua\/rezonans-magnetyczny-kregoslupa\/\">Rezonans Magnetyczny Kr\u0119gos\u0142upa<\/a><\/strong><\/span><\/h2>\n<\/li>\n<li>\n<h2 style=\"font-size: 26px;\"><span style=\"color: #003366;\"><strong><a style=\"color: #003366;\" href=\"https:\/\/radiomedica.pl\/ua\/rezonans-magnetyczny-glowy\/\">Rezonans Magnetyczny G\u0142owy<\/a><\/strong><\/span><\/h2>\n<\/li>\n<li>\n<h2 style=\"font-size: 26px;\"><span style=\"color: #003366;\"><strong><a style=\"color: #003366;\" href=\"https:\/\/radiomedica.pl\/ua\/1419-2\/\">Rezonans Magnetyczny Jamy Brzusznej<\/a><\/strong><\/span><\/h2>\n<\/li>\n<li>\n<h2 style=\"font-size: 26px;\"><span style=\"color: #003366;\"><strong><a style=\"color: #003366;\" href=\"https:\/\/radiomedica.pl\/ua\/rezonans-magnetyczny-prostaty\/\">Rezonans Magnetyczny Prostaty<\/a><\/strong><\/span><\/h2>\n<\/li>\n<\/ul>\n<p><img fetchpriority=\"high\" decoding=\"async\" class=\"aligncenter wp-image-270\" src=\"https:\/\/radiomedica.pl\/wp-content\/uploads\/2021\/04\/Image-18@2x-810x1024.png\" alt=\"\" width=\"640\" height=\"809\" srcset=\"https:\/\/radiomedica.pl\/wp-content\/uploads\/2021\/04\/Image-18@2x-810x1024.png 810w, https:\/\/radiomedica.pl\/wp-content\/uploads\/2021\/04\/Image-18@2x-600x759.png 600w, https:\/\/radiomedica.pl\/wp-content\/uploads\/2021\/04\/Image-18@2x-237x300.png 237w, https:\/\/radiomedica.pl\/wp-content\/uploads\/2021\/04\/Image-18@2x-768x971.png 768w, https:\/\/radiomedica.pl\/wp-content\/uploads\/2021\/04\/Image-18@2x-1215x1536.png 1215w, https:\/\/radiomedica.pl\/wp-content\/uploads\/2021\/04\/Image-18@2x.png 1422w\" sizes=\"(max-width: 640px) 100vw, 640px\" \/><\/p>","protected":false},"excerpt":{"rendered":"<p>Rezonans Magnetyczny Kolana Rezonans Magnetyczny Kr\u0119gos\u0142upa Rezonans Magnetyczny G\u0142owy Rezonans Magnetyczny Jamy Brzusznej Rezonans Magnetyczny Prostaty<\/p>","protected":false},"author":1,"featured_media":0,"parent":0,"menu_order":0,"comment_status":"closed","ping_status":"closed","template":"","meta":{"_seopress_robots_primary_cat":"","_seopress_titles_title":"Badania - Radio Medica Warszawa","_seopress_titles_desc":"W centrum diagnostycznym Radio Medica wykorzystujemy najwy\u017cszej klasy aparat do bada\u0144 rezonansem magnetycznym  MAGNETOM Spectra 3T marki Siemens","_seopress_robots_index":"","inline_featured_image":false,"footnotes":""},"class_list":["post-1291","page","type-page","status-publish","hentry"],"_links":{"self":[{"href":"https:\/\/radiomedica.pl\/ua\/wp-json\/wp\/v2\/pages\/1291","targetHints":{"allow":["GET"]}}],"collection":[{"href":"https:\/\/radiomedica.pl\/ua\/wp-json\/wp\/v2\/pages"}],"about":[{"href":"https:\/\/radiomedica.pl\/ua\/wp-json\/wp\/v2\/types\/page"}],"author":[{"embeddable":true,"href":"https:\/\/radiomedica.pl\/ua\/wp-json\/wp\/v2\/users\/1"}],"replies":[{"embeddable":true,"href":"https:\/\/radiomedica.pl\/ua\/wp-json\/wp\/v2\/comments?post=1291"}],"version-history":[{"count":0,"href":"https:\/\/radiomedica.pl\/ua\/wp-json\/wp\/v2\/pages\/1291\/revisions"}],"wp:attachment":[{"href":"https:\/\/radiomedica.pl\/ua\/wp-json\/wp\/v2\/media?parent=1291"}],"curies":[{"name":"wp","href":"https:\/\/api.w.org\/{rel}","templated":true}]}}